{"id":12,"date":"2018-08-15T08:46:40","date_gmt":"2018-08-15T06:46:40","guid":{"rendered":"http:\/\/4jung.de\/?page_id=12"},"modified":"2018-08-18T13:11:52","modified_gmt":"2018-08-18T11:11:52","slug":"datenschutzerklaerung","status":"publish","type":"page","link":"https:\/\/4jung.de\/?page_id=12","title":{"rendered":"Datenschutzerkl\u00e4rung"},"content":{"rendered":"<p><span style=\"color: #999999;\"><strong>Grundlegendes<\/strong><\/span><\/p>\n<p><span style=\"color: #999999;\">Diese Datenschutzerkl\u00e4rung soll die Nutzer dieser Website \u00fcber die Art, den Umfang und den Zweck der Erhebung und Verwendung personenbezogener Daten durch den Websitebetreiber (siehe Impressum) informieren.<\/span><\/p>\n<p>&nbsp;<\/p>\n<p><span style=\"color: #999999;\">Der Websitebetreiber nimmt Ihren Datenschutz sehr ernst und behandelt Ihre personenbezogenen Daten vertraulich und entsprechend der gesetzlichen Vorschriften. Da durch neue Technologien und die st\u00e4ndige Weiterentwicklung dieser Webseite \u00c4nderungen an dieser Datenschutzerkl\u00e4rung vorgenommen werden k\u00f6nnen, empfehlen wir Ihnen sich die Datenschutzerkl\u00e4rung in regelm\u00e4\u00dfigen Abst\u00e4nden wieder durchzulesen.<\/span><\/p>\n<p>&nbsp;<\/p>\n<p><span style=\"color: #999999;\">Definitionen der verwendeten Begriffe (z.B. \u201cpersonenbezogene Daten\u201d oder \u201cVerarbeitung\u201d) finden Sie in Art. 4 DSGVO.<\/span><\/p>\n<p>&nbsp;<\/p>\n<p><span style=\"color: #999999;\"><strong>Umgang mit Kontaktdaten<\/strong><\/span><\/p>\n<p><span style=\"color: #999999;\">Nehmen Sie mit uns als Websitebetreiber durch die angebotenen Kontaktm\u00f6glichkeiten Verbindung auf, werden Ihre Angaben gespeichert, damit auf diese zur Bearbeitung und Beantwortung Ihrer Anfrage zur\u00fcckgegriffen werden kann. Ohne Ihre Einwilligung werden diese Daten nicht an Dritte weitergegeben.<\/span><\/p>\n<p>&nbsp;<\/p>\n<p><span style=\"color: #999999;\"><strong>Umgang mit Kommentaren und Beitr\u00e4gen<\/strong><\/span><\/p>\n<p><span style=\"color: #999999;\">Hinterlassen Sie auf dieser Website einen Beitrag oder Kommentar, wird Ihre IP-Adresse gespeichert. Dies erfolgt aufgrund unserer berechtigten Interessen im Sinne des Art. 6 Abs. 1 lit. f. DSGVO und dient der Sicherheit von uns als Websitebetreiber: Denn sollte Ihr Kommentar gegen geltendes Recht versto\u00dfen, k\u00f6nnen wir daf\u00fcr belangt werden, weshalb wir ein Interesse an der Identit\u00e4t des Kommentar- bzw. Beitragsautors haben.<\/span><\/p>\n<p>&nbsp;<\/p>\n<p><span style=\"color: #999999;\"><strong>Urheberrecht<\/strong><\/span><\/p>\n<p><span style=\"color: #999999;\">Die durch die Seitenbetreiber erstellten Inhalte und Werke auf diesen Seiten unterliegen dem deutschen Urheberrecht. Die Vervielf\u00e4ltigung, Bearbeitung, Verbreitung und jede Art der Verwertung au\u00dferhalb der Grenzen des Urheberrechtes bed\u00fcrfen der schriftlichen Zustimmung des jeweiligen Autors bzw. Erstellers. Downloads und Kopien dieser Seite sind nur f\u00fcr den privaten, nicht kommerziellen Gebrauch gestattet. Soweit die Inhalte auf dieser Seite nicht vom Betreiber erstellt wurden, werden die Urheberrechte Dritter beachtet. Insbesondere werden Inhalte Dritter als solche gekennzeichnet. Sollten Sie trotzdem auf eine Urheberrechtsverletzung aufmerksam werden, bitten wir um einen entsprechenden Hinweis. Bei Bekanntwerden von Rechtsverletzungen werden wir derartige Inhalte umgehend entfernen.<\/span><\/p>\n<p>&nbsp;<\/p>\n<p><span style=\"color: #999999;\"><strong>Datenschutzerkl\u00e4rung<\/strong><\/span><\/p>\n<p><span style=\"color: #999999;\">Verantwortliche Person f\u00fcr diese Website im Sinne der Datenschutzgesetze, insbesondere der EU-Datenschutzgrundverordnung (DSGVO) siehe Impressum.<\/span><\/p>\n","protected":false},"excerpt":{"rendered":"<p>Grundlegendes Diese Datenschutzerkl\u00e4rung soll die Nutzer dieser Website \u00fcber die Art, den Umfang und den Zweck der Erhebung und Verwendung personenbezogener Daten durch den Websitebetreiber (siehe Impressum) informieren. &nbsp; Der Websitebetreiber nimmt Ihren Datenschutz sehr ernst und behandelt Ihre personenbezogenen Daten vertraulich und entsprechend der gesetzlichen Vorschriften. Da durch neue Technologien und die st\u00e4ndige Weiterentwicklung &hellip; <\/p>\n<p class=\"link-more\"><a href=\"https:\/\/4jung.de\/?page_id=12\" class=\"more-link\"><span class=\"screen-reader-text\">\u201eDatenschutzerkl\u00e4rung\u201c<\/span> weiterlesen<\/a><\/p>\n","protected":false},"author":1,"featured_media":0,"parent":0,"menu_order":0,"comment_status":"closed","ping_status":"closed","template":"","meta":[],"_links":{"self":[{"href":"https:\/\/4jung.de\/index.php?rest_route=\/wp\/v2\/pages\/12"}],"collection":[{"href":"https:\/\/4jung.de\/index.php?rest_route=\/wp\/v2\/pages"}],"about":[{"href":"https:\/\/4jung.de\/index.php?rest_route=\/wp\/v2\/types\/page"}],"author":[{"embeddable":true,"href":"https:\/\/4jung.de\/index.php?rest_route=\/wp\/v2\/users\/1"}],"replies":[{"embeddable":true,"href":"https:\/\/4jung.de\/index.php?rest_route=%2Fwp%2Fv2%2Fcomments&post=12"}],"version-history":[{"count":2,"href":"https:\/\/4jung.de\/index.php?rest_route=\/wp\/v2\/pages\/12\/revisions"}],"predecessor-version":[{"id":116,"href":"https:\/\/4jung.de\/index.php?rest_route=\/wp\/v2\/pages\/12\/revisions\/116"}],"wp:attachment":[{"href":"https:\/\/4jung.de\/index.php?rest_route=%2Fwp%2Fv2%2Fmedia&parent=12"}],"curies":[{"name":"wp","href":"https:\/\/api.w.org\/{rel}","templated":true}]}}